{"id":1017,"date":"2026-04-14T09:52:50","date_gmt":"2026-04-14T09:52:50","guid":{"rendered":"https:\/\/webthly.com\/rs\/?page_id=1017"},"modified":"2026-04-20T09:10:33","modified_gmt":"2026-04-20T09:10:33","slug":"checkout-subscription","status":"publish","type":"page","link":"https:\/\/webthly.com\/rs\/checkout-subscription\/","title":{"rendered":"Checkout Subscription"},"content":{"rendered":"\t\t<div data-elementor-type=\"wp-page\" data-elementor-id=\"1017\" class=\"elementor elementor-1017\">\n\t\t\t\t<div class=\"elementor-element elementor-element-30ada45 e-con-full e-flex e-con e-parent\" data-id=\"30ada45\" data-element_type=\"container\" data-e-type=\"container\">\n\t\t<div class=\"elementor-element elementor-element-3844eb7 e-con-full e-flex e-con e-child\" data-id=\"3844eb7\" data-element_type=\"container\" data-e-type=\"container\">\n\t\t\t\t<div class=\"elementor-element elementor-element-c3760cd elementor-widget elementor-widget-image\" data-id=\"c3760cd\" data-element_type=\"widget\" data-e-type=\"widget\" data-widget_type=\"image.default\">\n\t\t\t\t\t\t\t\t\t\t\t\t\t\t\t<img fetchpriority=\"high\" decoding=\"async\" width=\"1024\" height=\"1024\" src=\"https:\/\/webthly.com\/rs\/wp-content\/uploads\/sites\/2\/2026\/04\/vf.webp\" class=\"attachment-full size-full wp-image-1033\" alt=\"\" srcset=\"https:\/\/webthly.com\/rs\/wp-content\/uploads\/sites\/2\/2026\/04\/vf.webp 1024w, https:\/\/webthly.com\/rs\/wp-content\/uploads\/sites\/2\/2026\/04\/vf-300x300.webp 300w, https:\/\/webthly.com\/rs\/wp-content\/uploads\/sites\/2\/2026\/04\/vf-150x150.webp 150w, https:\/\/webthly.com\/rs\/wp-content\/uploads\/sites\/2\/2026\/04\/vf-768x768.webp 768w, https:\/\/webthly.com\/rs\/wp-content\/uploads\/sites\/2\/2026\/04\/vf-600x600.webp 600w, https:\/\/webthly.com\/rs\/wp-content\/uploads\/sites\/2\/2026\/04\/vf-100x100.webp 100w\" sizes=\"(max-width: 1024px) 100vw, 1024px\" \/>\t\t\t\t\t\t\t\t\t\t\t\t\t\t\t<\/div>\n\t\t\t\t<\/div>\n\t\t<div class=\"elementor-element elementor-element-79c1c1d e-con-full e-flex e-con e-child\" data-id=\"79c1c1d\" data-element_type=\"container\" data-e-type=\"container\" data-settings=\"{&quot;background_background&quot;:&quot;classic&quot;}\">\n\t\t\t\t<div class=\"elementor-element elementor-element-4430a87 elementor-widget elementor-widget-heading\" data-id=\"4430a87\" data-element_type=\"widget\" data-e-type=\"widget\" data-widget_type=\"heading.default\">\n\t\t\t\t\t<h2 class=\"elementor-heading-title elementor-size-default\">Naru\u010dujete\n<\/h2>\t\t\t\t<\/div>\n\t\t\t\t<div class=\"elementor-element elementor-element-85d632e elementor-widget elementor-widget-heading\" data-id=\"85d632e\" data-element_type=\"widget\" data-e-type=\"widget\" data-widget_type=\"heading.default\">\n\t\t\t\t\t<h3 class=\"elementor-heading-title elementor-size-default\">Webthly Mjese\u010dnu Preplatu za Websajt \n<\/h3>\t\t\t\t<\/div>\n\t\t\t\t<div class=\"elementor-element elementor-element-ef0d0ec elementor-widget elementor-widget-text-editor\" data-id=\"ef0d0ec\" data-element_type=\"widget\" data-e-type=\"widget\" data-widget_type=\"text-editor.default\">\n\t\t\t\t\t\t\t\t\t<div class=\"woocommerce-product-details__short-description\">Kompletna mese\u010dna usluga izrade veb stranice za lokalna preduzec\u0301a \u2014 uklju\u010dujuc\u0301i profesionalni dizajn, domen, hosting, SSL, odr\u017eavanje i podr\u0161ku.<\/div>\t\t\t\t\t\t\t\t<\/div>\n\t\t\t\t<div class=\"elementor-element elementor-element-c126581 elementor-widget elementor-widget-text-editor\" data-id=\"c126581\" data-element_type=\"widget\" data-e-type=\"widget\" data-widget_type=\"text-editor.default\">\n\t\t\t\t\t\t\t\t\t<div class=\"woocommerce-product-details__short-description\"><div><strong>Jedan Mesec<\/strong><\/div><\/div>\t\t\t\t\t\t\t\t<\/div>\n\t\t\t\t<div class=\"elementor-element elementor-element-97b6503 elementor-icon-list--layout-inline elementor-align-start elementor-list-item-link-full_width elementor-widget elementor-widget-icon-list\" data-id=\"97b6503\" data-element_type=\"widget\" data-e-type=\"widget\" data-widget_type=\"icon-list.default\">\n\t\t\t\t\t\t\t<ul class=\"elementor-icon-list-items elementor-inline-items\">\n\t\t\t\t\t\t\t<li class=\"elementor-icon-list-item elementor-inline-item\">\n\t\t\t\t\t\t\t\t\t\t<span class=\"elementor-icon-list-text\">UKUPNO<\/span>\n\t\t\t\t\t\t\t\t\t<\/li>\n\t\t\t\t\t\t\t\t<li class=\"elementor-icon-list-item elementor-inline-item\">\n\t\t\t\t\t\t\t\t\t\t<span class=\"elementor-icon-list-text\">3500 RSD<\/span>\n\t\t\t\t\t\t\t\t\t<\/li>\n\t\t\t\t\t\t<\/ul>\n\t\t\t\t\t\t<\/div>\n\t\t\t\t<div class=\"elementor-element elementor-element-2e4ca11 elementor-widget elementor-widget-html\" data-id=\"2e4ca11\" data-element_type=\"widget\" data-e-type=\"widget\" data-widget_type=\"html.default\">\n\t\t\t\t\t<style>\r\n    \/* Kontejner za formu *\/\r\n    .webthly-checkout-fields {\r\n        max-width: 100%;\r\n        margin-bottom: 30px;\r\n        font-family: 'Segoe UI', Roboto, Helvetica, Arial, sans-serif;\r\n    }\r\n\r\n    \/* Grupisanje polja (Ime i Prezime) *\/\r\n    .wt-field-row {\r\n        display: flex;\r\n        gap: 15px;\r\n        margin-bottom: 15px;\r\n    }\r\n\r\n    \/* Individualna polja *\/\r\n    .wt-field-group {\r\n        flex: 1;\r\n        display: flex;\r\n        flex-direction: column;\r\n    }\r\n\r\n    .wt-field-group label {\r\n        font-size: 14px;\r\n        font-weight: 600;\r\n        color: #222;\r\n        margin-bottom: 8px;\r\n        text-transform: uppercase;\r\n        letter-spacing: 0.5px;\r\n    }\r\n\r\n    \/* Stilovi za inpute *\/\r\n    .wt-field-group input {\r\n        width: 100%;\r\n        padding: 14px 16px;\r\n        border: 1.5px solid #e1e1e1;\r\n        border-radius: 8px;\r\n        font-size: 16px; \/* 16px spre\u010dava auto-zoom na iPhone-u *\/\r\n        color: #333;\r\n        background-color: #fdfdfd;\r\n        transition: all 0.3s ease;\r\n        box-sizing: border-box;\r\n    }\r\n\r\n    \/* Fokus efekat - Zlatna boja *\/\r\n    .wt-field-group input:focus {\r\n        outline: none;\r\n        border-color: #d4af37;\r\n        background-color: #fff;\r\n        box-shadow: 0 0 8px rgba(212, 175, 55, 0.15);\r\n    }\r\n\r\n    \/* Placeholder boja *\/\r\n    .wt-field-group input::placeholder {\r\n        color: #bbb;\r\n    }\r\n\r\n    \/* FULL WIDTH za Email polje *\/\r\n    .wt-full-width {\r\n        width: 100%;\r\n        margin-bottom: 15px;\r\n    }\r\n\r\n    \/* --- MOBILE OPTIMIZACIJA --- *\/\r\n    @media (max-width: 600px) {\r\n        .wt-field-row {\r\n            flex-direction: column;\r\n            gap: 15px;\r\n        }\r\n        \r\n        .wt-field-group input {\r\n            padding: 12px 14px; \/* Malo manji padding na mobitelu *\/\r\n        }\r\n    }\r\n<\/style>\r\n\r\n<div class=\"webthly-checkout-fields\">\r\n    <div class=\"wt-field-row\">\r\n        <div class=\"wt-field-group\">\r\n            <label for=\"first-name\">Ime<\/label>\r\n            <input type=\"text\" id=\"first-name\" placeholder=\"John\">\r\n        <\/div>\r\n        <div class=\"wt-field-group\">\r\n            <label for=\"last-name\">Prezime<\/label>\r\n            <input type=\"text\" id=\"last-name\" placeholder=\"Doe\">\r\n        <\/div>\r\n    <\/div>\r\n\r\n    <div class=\"wt-field-group wt-full-width\">\r\n        <label for=\"user-email\">Email Addresa<\/label>\r\n        <input type=\"email\" id=\"user-email\" placeholder=\"pera@stanica.com\">\r\n    <\/div>\r\n<\/div>\t\t\t\t<\/div>\n\t\t\t\t<div class=\"elementor-element elementor-element-a3c8e2e elementor-widget elementor-widget-html\" data-id=\"a3c8e2e\" data-element_type=\"widget\" data-e-type=\"widget\" data-widget_type=\"html.default\">\n\t\t\t\t\t<div id=\"paypal-button-container-P-54U72432TG990701DNHPA2VY\"><\/div>\r\n<script src=\"https:\/\/www.paypal.com\/sdk\/js?client-id=AfpJtWeE8WQAwJks0peyvGUY678DrB_2dZvkDkkzQWkSpgcZG0E_mXlgGl70Ggf7CKV-pwRUQV0VyQgO&vault=true&intent=subscription\" data-sdk-integration-source=\"button-factory\"><\/script>\r\n<script>\r\n  paypal.Buttons({\r\n      style: {\r\n          shape: 'rect',\r\n          color: 'gold',\r\n          layout: 'vertical',\r\n          label: 'paypal'\r\n      },\r\n      createSubscription: function(data, actions) {\r\n        return actions.subscription.create({\r\n          \/* Creates the subscription *\/\r\n          plan_id: 'P-54U72432TG990701DNHPA2VY'\r\n        });\r\n      },\r\n      onApprove: function(data, actions) {\r\n        alert(data.subscriptionID); \/\/ You can add optional success message for the subscriber here\r\n      }\r\n  }).render('#paypal-button-container-P-54U72432TG990701DNHPA2VY'); \/\/ Renders the PayPal button\r\n<\/script>\t\t\t\t<\/div>\n\t\t\t\t<div class=\"elementor-element elementor-element-38015af elementor-widget elementor-widget-html\" data-id=\"38015af\" data-element_type=\"widget\" data-e-type=\"widget\" data-widget_type=\"html.default\">\n\t\t\t\t\t<div class=\"webthly-payment-icons\" style=\"display:flex;align-items:center;gap:10px;flex-wrap:wrap;\">\r\n    <img decoding=\"async\" src=\"https:\/\/cdn-icons-png.flaticon.com\/512\/349\/349221.png\" alt=\"Visa\" style=\"height:19px;width:auto;display:block;\">\r\n    <img decoding=\"async\" src=\"https:\/\/upload.wikimedia.org\/wikipedia\/commons\/2\/2a\/Mastercard-logo.svg\" alt=\"Mastercard\" style=\"height:19px;width:auto;display:block;\">\r\n    <img decoding=\"async\" src=\"https:\/\/cdn-icons-png.flaticon.com\/512\/349\/349230.png\" alt=\"American Express\" style=\"height:19px;width:auto;display:block;\">\r\n    <img decoding=\"async\" src=\"https:\/\/cdn-icons-png.flaticon.com\/512\/349\/349237.png\" alt=\"Discover\" style=\"height:19px;width:auto;display:block;\">\r\n<\/div>\t\t\t\t<\/div>\n\t\t\t\t<div class=\"elementor-element elementor-element-424fa9b elementor-widget elementor-widget-image\" data-id=\"424fa9b\" data-element_type=\"widget\" data-e-type=\"widget\" data-widget_type=\"image.default\">\n\t\t\t\t\t\t\t\t\t\t\t\t\t\t\t<img decoding=\"async\" width=\"800\" height=\"348\" src=\"https:\/\/webthly.com\/rs\/wp-content\/uploads\/sites\/2\/2026\/04\/1071d1e8-8bfe-4888-92db-6023272eefce.jfif_.png\" class=\"attachment-full size-full wp-image-1202\" alt=\"\" srcset=\"https:\/\/webthly.com\/rs\/wp-content\/uploads\/sites\/2\/2026\/04\/1071d1e8-8bfe-4888-92db-6023272eefce.jfif_.png 800w, https:\/\/webthly.com\/rs\/wp-content\/uploads\/sites\/2\/2026\/04\/1071d1e8-8bfe-4888-92db-6023272eefce.jfif_-300x131.png 300w, https:\/\/webthly.com\/rs\/wp-content\/uploads\/sites\/2\/2026\/04\/1071d1e8-8bfe-4888-92db-6023272eefce.jfif_-768x334.png 768w, https:\/\/webthly.com\/rs\/wp-content\/uploads\/sites\/2\/2026\/04\/1071d1e8-8bfe-4888-92db-6023272eefce.jfif_-600x261.png 600w\" sizes=\"(max-width: 800px) 100vw, 800px\" \/>\t\t\t\t\t\t\t\t\t\t\t\t\t\t\t<\/div>\n\t\t\t\t<\/div>\n\t\t\t\t<\/div>\n\t\t<div class=\"elementor-element elementor-element-4921569 e-flex e-con-boxed e-con e-parent\" data-id=\"4921569\" data-element_type=\"container\" data-e-type=\"container\">\n\t\t\t\t\t<div class=\"e-con-inner\">\n\t\t<div class=\"elementor-element elementor-element-32a1349 e-con-full e-flex e-con e-child\" data-id=\"32a1349\" data-element_type=\"container\" data-e-type=\"container\">\n\t\t\t\t<div class=\"elementor-element elementor-element-eb2d4a0 elementor-widget elementor-widget-image\" data-id=\"eb2d4a0\" data-element_type=\"widget\" data-e-type=\"widget\" data-widget_type=\"image.default\">\n\t\t\t\t\t\t\t\t\t\t\t\t\t\t\t<img decoding=\"async\" width=\"300\" height=\"300\" src=\"https:\/\/webthly.com\/rs\/wp-content\/uploads\/sites\/2\/2026\/04\/8bd2b9a8-8fd0-4da8-b5ed-6485190b3dc7-300x300.webp\" class=\"attachment-medium size-medium wp-image-1092\" alt=\"\" srcset=\"https:\/\/webthly.com\/rs\/wp-content\/uploads\/sites\/2\/2026\/04\/8bd2b9a8-8fd0-4da8-b5ed-6485190b3dc7-300x300.webp 300w, https:\/\/webthly.com\/rs\/wp-content\/uploads\/sites\/2\/2026\/04\/8bd2b9a8-8fd0-4da8-b5ed-6485190b3dc7-150x150.webp 150w, https:\/\/webthly.com\/rs\/wp-content\/uploads\/sites\/2\/2026\/04\/8bd2b9a8-8fd0-4da8-b5ed-6485190b3dc7-768x768.webp 768w, https:\/\/webthly.com\/rs\/wp-content\/uploads\/sites\/2\/2026\/04\/8bd2b9a8-8fd0-4da8-b5ed-6485190b3dc7-600x600.webp 600w, https:\/\/webthly.com\/rs\/wp-content\/uploads\/sites\/2\/2026\/04\/8bd2b9a8-8fd0-4da8-b5ed-6485190b3dc7-100x100.webp 100w, https:\/\/webthly.com\/rs\/wp-content\/uploads\/sites\/2\/2026\/04\/8bd2b9a8-8fd0-4da8-b5ed-6485190b3dc7.webp 800w\" sizes=\"(max-width: 300px) 100vw, 300px\" \/>\t\t\t\t\t\t\t\t\t\t\t\t\t\t\t<\/div>\n\t\t\t\t<\/div>\n\t\t<div class=\"elementor-element elementor-element-42dd169 e-con-full e-flex e-con e-child\" data-id=\"42dd169\" data-element_type=\"container\" data-e-type=\"container\">\n\t\t\t\t<div class=\"elementor-element elementor-element-4b9dbc8 elementor-widget elementor-widget-heading\" data-id=\"4b9dbc8\" data-element_type=\"widget\" data-e-type=\"widget\" data-widget_type=\"heading.default\">\n\t\t\t\t\t<h3 class=\"elementor-heading-title elementor-size-default\">100% garancija povrata novca<\/h3>\t\t\t\t<\/div>\n\t\t\t\t<div class=\"elementor-element elementor-element-2862945 elementor-widget elementor-widget-text-editor\" data-id=\"2862945\" data-element_type=\"widget\" data-e-type=\"widget\" data-widget_type=\"text-editor.default\">\n\t\t\t\t\t\t\t\t\t<p>Ako u narednih 14 dana nai\u0111ete na problem koji \u010dini proizvod neupotrebljivim i mi nismo u moguc\u0301nosti da ga re\u0161imo, rado c\u0301emo vam ponuditi potpuni povrac\u0301aj novca.<\/p>\t\t\t\t\t\t\t\t<\/div>\n\t\t\t\t<\/div>\n\t\t\t\t\t<\/div>\n\t\t\t\t<\/div>\n\t\t\t\t<\/div>\n\t\t","protected":false},"excerpt":{"rendered":"<p>Naru\u010dujete Webthly Mjese\u010dnu Preplatu za Websajt Kompletna mese\u010dna usluga izrade veb stranice za lokalna preduzec\u0301a \u2014 uklju\u010dujuc\u0301i profesionalni dizajn, domen, hosting, SSL, odr\u017eavanje i podr\u0161ku.Jedan [&hellip;]<\/p>\n","protected":false},"author":1,"featured_media":0,"parent":0,"menu_order":0,"comment_status":"closed","ping_status":"closed","template":"templates\/builder-fullwidth-std.php","meta":{"footnotes":""},"class_list":["post-1017","page","type-page","status-publish","hentry"],"yoast_head":"<!-- This site is optimized with the Yoast SEO plugin v27.5 - https:\/\/yoast.com\/product\/yoast-seo-wordpress\/ -->\n<title>Checkout Subscription - Webthly Srbija<\/title>\n<meta name=\"description\" content=\"Checkout Subscription\" \/>\n<meta name=\"robots\" content=\"index, follow, max-snippet:-1, max-image-preview:large, max-video-preview:-1\" \/>\n<link rel=\"canonical\" href=\"https:\/\/webthly.com\/rs\/checkout-subscription\/\" \/>\n<meta property=\"og:locale\" content=\"bs_BA\" \/>\n<meta property=\"og:type\" content=\"article\" \/>\n<meta property=\"og:title\" content=\"Checkout Subscription - Webthly Srbija\" \/>\n<meta property=\"og:description\" content=\"Checkout Subscription\" \/>\n<meta property=\"og:url\" content=\"https:\/\/webthly.com\/rs\/checkout-subscription\/\" \/>\n<meta property=\"og:site_name\" content=\"Webthly Srbija\" \/>\n<meta property=\"article:modified_time\" content=\"2026-04-20T09:10:33+00:00\" \/>\n<meta property=\"og:image\" content=\"https:\/\/webthly.com\/rs\/wp-content\/uploads\/sites\/2\/2026\/04\/vf.webp\" \/>\n\t<meta property=\"og:image:width\" content=\"1024\" \/>\n\t<meta property=\"og:image:height\" content=\"1024\" \/>\n\t<meta property=\"og:image:type\" content=\"image\/webp\" \/>\n<meta name=\"twitter:card\" content=\"summary_large_image\" \/>\n<meta name=\"twitter:label1\" content=\"Est. reading time\" \/>\n\t<meta name=\"twitter:data1\" content=\"3 minute\" \/>\n<script type=\"application\/ld+json\" class=\"yoast-schema-graph\">{\"@context\":\"https:\\\/\\\/schema.org\",\"@graph\":[{\"@type\":\"WebPage\",\"@id\":\"https:\\\/\\\/webthly.com\\\/rs\\\/checkout-subscription\\\/\",\"url\":\"https:\\\/\\\/webthly.com\\\/rs\\\/checkout-subscription\\\/\",\"name\":\"Checkout Subscription - Webthly Srbija\",\"isPartOf\":{\"@id\":\"https:\\\/\\\/webthly.com\\\/rs\\\/#website\"},\"primaryImageOfPage\":{\"@id\":\"https:\\\/\\\/webthly.com\\\/rs\\\/checkout-subscription\\\/#primaryimage\"},\"image\":{\"@id\":\"https:\\\/\\\/webthly.com\\\/rs\\\/checkout-subscription\\\/#primaryimage\"},\"thumbnailUrl\":\"https:\\\/\\\/webthly.com\\\/rs\\\/wp-content\\\/uploads\\\/sites\\\/2\\\/2026\\\/04\\\/vf.webp\",\"datePublished\":\"2026-04-14T09:52:50+00:00\",\"dateModified\":\"2026-04-20T09:10:33+00:00\",\"description\":\"Checkout Subscription\",\"breadcrumb\":{\"@id\":\"https:\\\/\\\/webthly.com\\\/rs\\\/checkout-subscription\\\/#breadcrumb\"},\"inLanguage\":\"bs-BA\",\"potentialAction\":[{\"@type\":\"ReadAction\",\"target\":[\"https:\\\/\\\/webthly.com\\\/rs\\\/checkout-subscription\\\/\"]}]},{\"@type\":\"ImageObject\",\"inLanguage\":\"bs-BA\",\"@id\":\"https:\\\/\\\/webthly.com\\\/rs\\\/checkout-subscription\\\/#primaryimage\",\"url\":\"https:\\\/\\\/webthly.com\\\/rs\\\/wp-content\\\/uploads\\\/sites\\\/2\\\/2026\\\/04\\\/vf.webp\",\"contentUrl\":\"https:\\\/\\\/webthly.com\\\/rs\\\/wp-content\\\/uploads\\\/sites\\\/2\\\/2026\\\/04\\\/vf.webp\",\"width\":1024,\"height\":1024},{\"@type\":\"BreadcrumbList\",\"@id\":\"https:\\\/\\\/webthly.com\\\/rs\\\/checkout-subscription\\\/#breadcrumb\",\"itemListElement\":[{\"@type\":\"ListItem\",\"position\":1,\"name\":\"Home\",\"item\":\"https:\\\/\\\/webthly.com\\\/rs\\\/\"},{\"@type\":\"ListItem\",\"position\":2,\"name\":\"Checkout Subscription\"}]},{\"@type\":\"WebSite\",\"@id\":\"https:\\\/\\\/webthly.com\\\/rs\\\/#website\",\"url\":\"https:\\\/\\\/webthly.com\\\/rs\\\/\",\"name\":\"Webthly Srbija\",\"description\":\"\",\"publisher\":{\"@id\":\"https:\\\/\\\/webthly.com\\\/rs\\\/#organization\"},\"potentialAction\":[{\"@type\":\"SearchAction\",\"target\":{\"@type\":\"EntryPoint\",\"urlTemplate\":\"https:\\\/\\\/webthly.com\\\/rs\\\/?s={search_term_string}\"},\"query-input\":{\"@type\":\"PropertyValueSpecification\",\"valueRequired\":true,\"valueName\":\"search_term_string\"}}],\"inLanguage\":\"bs-BA\"},{\"@type\":\"Organization\",\"@id\":\"https:\\\/\\\/webthly.com\\\/rs\\\/#organization\",\"name\":\"Webthly Srbija\",\"url\":\"https:\\\/\\\/webthly.com\\\/rs\\\/\",\"logo\":{\"@type\":\"ImageObject\",\"inLanguage\":\"bs-BA\",\"@id\":\"https:\\\/\\\/webthly.com\\\/rs\\\/#\\\/schema\\\/logo\\\/image\\\/\",\"url\":\"https:\\\/\\\/webthly.com\\\/rs\\\/wp-content\\\/uploads\\\/sites\\\/2\\\/2026\\\/03\\\/cropped-webthly_logo_text_enhanced.png\",\"contentUrl\":\"https:\\\/\\\/webthly.com\\\/rs\\\/wp-content\\\/uploads\\\/sites\\\/2\\\/2026\\\/03\\\/cropped-webthly_logo_text_enhanced.png\",\"width\":200,\"height\":55,\"caption\":\"Webthly Srbija\"},\"image\":{\"@id\":\"https:\\\/\\\/webthly.com\\\/rs\\\/#\\\/schema\\\/logo\\\/image\\\/\"}}]}<\/script>\n<!-- \/ Yoast SEO plugin. -->","yoast_head_json":{"title":"Checkout Subscription - Webthly Srbija","description":"Checkout Subscription","robots":{"index":"index","follow":"follow","max-snippet":"max-snippet:-1","max-image-preview":"max-image-preview:large","max-video-preview":"max-video-preview:-1"},"canonical":"https:\/\/webthly.com\/rs\/checkout-subscription\/","og_locale":"bs_BA","og_type":"article","og_title":"Checkout Subscription - Webthly Srbija","og_description":"Checkout Subscription","og_url":"https:\/\/webthly.com\/rs\/checkout-subscription\/","og_site_name":"Webthly Srbija","article_modified_time":"2026-04-20T09:10:33+00:00","og_image":[{"width":1024,"height":1024,"url":"https:\/\/webthly.com\/rs\/wp-content\/uploads\/sites\/2\/2026\/04\/vf.webp","type":"image\/webp"}],"twitter_card":"summary_large_image","twitter_misc":{"Est. reading time":"3 minute"},"schema":{"@context":"https:\/\/schema.org","@graph":[{"@type":"WebPage","@id":"https:\/\/webthly.com\/rs\/checkout-subscription\/","url":"https:\/\/webthly.com\/rs\/checkout-subscription\/","name":"Checkout Subscription - Webthly Srbija","isPartOf":{"@id":"https:\/\/webthly.com\/rs\/#website"},"primaryImageOfPage":{"@id":"https:\/\/webthly.com\/rs\/checkout-subscription\/#primaryimage"},"image":{"@id":"https:\/\/webthly.com\/rs\/checkout-subscription\/#primaryimage"},"thumbnailUrl":"https:\/\/webthly.com\/rs\/wp-content\/uploads\/sites\/2\/2026\/04\/vf.webp","datePublished":"2026-04-14T09:52:50+00:00","dateModified":"2026-04-20T09:10:33+00:00","description":"Checkout Subscription","breadcrumb":{"@id":"https:\/\/webthly.com\/rs\/checkout-subscription\/#breadcrumb"},"inLanguage":"bs-BA","potentialAction":[{"@type":"ReadAction","target":["https:\/\/webthly.com\/rs\/checkout-subscription\/"]}]},{"@type":"ImageObject","inLanguage":"bs-BA","@id":"https:\/\/webthly.com\/rs\/checkout-subscription\/#primaryimage","url":"https:\/\/webthly.com\/rs\/wp-content\/uploads\/sites\/2\/2026\/04\/vf.webp","contentUrl":"https:\/\/webthly.com\/rs\/wp-content\/uploads\/sites\/2\/2026\/04\/vf.webp","width":1024,"height":1024},{"@type":"BreadcrumbList","@id":"https:\/\/webthly.com\/rs\/checkout-subscription\/#breadcrumb","itemListElement":[{"@type":"ListItem","position":1,"name":"Home","item":"https:\/\/webthly.com\/rs\/"},{"@type":"ListItem","position":2,"name":"Checkout Subscription"}]},{"@type":"WebSite","@id":"https:\/\/webthly.com\/rs\/#website","url":"https:\/\/webthly.com\/rs\/","name":"Webthly Srbija","description":"","publisher":{"@id":"https:\/\/webthly.com\/rs\/#organization"},"potentialAction":[{"@type":"SearchAction","target":{"@type":"EntryPoint","urlTemplate":"https:\/\/webthly.com\/rs\/?s={search_term_string}"},"query-input":{"@type":"PropertyValueSpecification","valueRequired":true,"valueName":"search_term_string"}}],"inLanguage":"bs-BA"},{"@type":"Organization","@id":"https:\/\/webthly.com\/rs\/#organization","name":"Webthly Srbija","url":"https:\/\/webthly.com\/rs\/","logo":{"@type":"ImageObject","inLanguage":"bs-BA","@id":"https:\/\/webthly.com\/rs\/#\/schema\/logo\/image\/","url":"https:\/\/webthly.com\/rs\/wp-content\/uploads\/sites\/2\/2026\/03\/cropped-webthly_logo_text_enhanced.png","contentUrl":"https:\/\/webthly.com\/rs\/wp-content\/uploads\/sites\/2\/2026\/03\/cropped-webthly_logo_text_enhanced.png","width":200,"height":55,"caption":"Webthly Srbija"},"image":{"@id":"https:\/\/webthly.com\/rs\/#\/schema\/logo\/image\/"}}]}},"_links":{"self":[{"href":"https:\/\/webthly.com\/rs\/wp-json\/wp\/v2\/pages\/1017","targetHints":{"allow":["GET"]}}],"collection":[{"href":"https:\/\/webthly.com\/rs\/wp-json\/wp\/v2\/pages"}],"about":[{"href":"https:\/\/webthly.com\/rs\/wp-json\/wp\/v2\/types\/page"}],"author":[{"embeddable":true,"href":"https:\/\/webthly.com\/rs\/wp-json\/wp\/v2\/users\/1"}],"replies":[{"embeddable":true,"href":"https:\/\/webthly.com\/rs\/wp-json\/wp\/v2\/comments?post=1017"}],"version-history":[{"count":207,"href":"https:\/\/webthly.com\/rs\/wp-json\/wp\/v2\/pages\/1017\/revisions"}],"predecessor-version":[{"id":1322,"href":"https:\/\/webthly.com\/rs\/wp-json\/wp\/v2\/pages\/1017\/revisions\/1322"}],"wp:attachment":[{"href":"https:\/\/webthly.com\/rs\/wp-json\/wp\/v2\/media?parent=1017"}],"curies":[{"name":"wp","href":"https:\/\/api.w.org\/{rel}","templated":true}]}}