{"id":408,"date":"2026-03-20T15:05:47","date_gmt":"2026-03-20T15:05:47","guid":{"rendered":"https:\/\/webthly.com\/mr-klinika\/?page_id=408"},"modified":"2026-05-11T21:34:12","modified_gmt":"2026-05-11T21:34:12","slug":"odricanje-od-odgovornosti","status":"publish","type":"page","link":"https:\/\/webthly.com\/mr-klinika\/odricanje-od-odgovornosti\/","title":{"rendered":"Odricanje od Odgovornosti"},"content":{"rendered":"\t\t<div data-elementor-type=\"wp-page\" data-elementor-id=\"408\" class=\"elementor elementor-408\">\n\t\t\t\t<div class=\"elementor-element elementor-element-774e37e e-flex e-con-boxed e-con e-parent\" data-id=\"774e37e\" data-element_type=\"container\" data-e-type=\"container\">\n\t\t\t\t\t<div class=\"e-con-inner\">\n\t\t\t\t<div class=\"elementor-element elementor-element-cd57aa5 elementor-widget elementor-widget-html\" data-id=\"cd57aa5\" data-element_type=\"widget\" data-e-type=\"widget\" data-widget_type=\"html.default\">\n\t\t\t\t\t<!-- STRANICA ODRICANJE OD ODGOVORNOSTI - VERZIJA BEZ KONFLIKTA -->\r\n<div class=\"disclaimer-wrapper\" style=\"background-color: #fff; font-family: 'Segoe UI', Roboto, sans-serif; color: #1e293b; line-height: 1.6;\">\r\n    \r\n    <style>\r\n        .disclaimer-wrapper .container-custom {\r\n            max-width: 850px;\r\n            margin: 0 auto;\r\n            padding: 40px 15px;\r\n        }\r\n\r\n        .disclaimer-wrapper .header-main {\r\n            text-align: center;\r\n            margin-bottom: 40px;\r\n        }\r\n\r\n        .disclaimer-wrapper .header-main h1 {\r\n            color: #ea1c82;\r\n            font-size: clamp(1.8rem, 5vw, 2.5rem);\r\n            margin-bottom: 10px;\r\n            font-weight: 800;\r\n        }\r\n\r\n        .disclaimer-wrapper .warning-box {\r\n            background: #fff7ed;\r\n            border: 1px solid #fed7aa;\r\n            border-left: 6px solid #f97316;\r\n            padding: 20px;\r\n            border-radius: 12px;\r\n            margin-bottom: 30px;\r\n            display: flex;\r\n            gap: 15px;\r\n            align-items: center;\r\n        }\r\n\r\n        .disclaimer-wrapper .content-section {\r\n            margin-bottom: 30px;\r\n        }\r\n\r\n        .disclaimer-wrapper h3 {\r\n            color: #1e293b;\r\n            font-size: 1.2rem;\r\n            margin-bottom: 10px;\r\n            font-weight: 700;\r\n        }\r\n\r\n        .disclaimer-wrapper p {\r\n            font-size: 0.95rem;\r\n            color: #475569;\r\n            margin-bottom: 15px;\r\n        }\r\n\r\n        .disclaimer-wrapper .highlight-text {\r\n            color: #ea1c82;\r\n            font-weight: 600;\r\n        }\r\n\r\n        .disclaimer-wrapper .footer-note {\r\n            text-align: center;\r\n            margin-top: 50px;\r\n            border-top: 1px solid #e2e8f0;\r\n            padding-top: 30px;\r\n            font-size: 0.85rem;\r\n            color: #94a3b8;\r\n        }\r\n    <\/style>\r\n\r\n    <div class=\"container-custom\">\r\n        <div class=\"header-main\">\r\n            <h1>Odricanje od Odgovornosti<\/h1>\r\n            <p>Pravna ograni\u010denja i definicija odgovornosti kori\u0161\u0107enja sistema.<\/p>\r\n        <\/div>\r\n\r\n        <div class=\"warning-box\">\r\n            <span style=\"font-size: 1.5rem;\">\u26a0\ufe0f<\/span>\r\n            <p style=\"margin: 0; font-size: 0.9rem; color: #9a3412; font-weight: 500;\">\r\n                Kori\u0161\u0107enjem ove platforme potvr\u0111ujete da razumijete tehni\u010dku prirodu usluge i prihvatate dole navedena ograni\u010denja.\r\n            <\/p>\r\n        <\/div>\r\n\r\n        <div class=\"content-section\">\r\n            <h3>1. Tehni\u010dka priroda usluge<\/h3>\r\n            <p>\r\n                Platforma koju obezbje\u0111uju <span class=\"highlight-text\">OM Media<\/span> i <span class=\"highlight-text\">Webthly.com<\/span> slu\u017ei isklju\u010divo kao alat za organizaciju termina. Mi nismo pru\u017eaoci medicinskih usluga niti smo uklju\u010deni u proces lije\u010denja pacijenata.\r\n            <\/p>\r\n\r\n            <h3>2. Odgovornost za medicinske odluke<\/h3>\r\n            <p>\r\n                Ni pod kojim okolnostima OM Media ne mo\u017ee biti odgovorna za bilo kakve medicinske propuste, pogre\u0161ne dijagnoze ili ishode lije\u010denja u MR Klinici. Sva odgovornost za rad sa pacijentima le\u017ei isklju\u010divo na stru\u010dnom medicinskom osoblju klinike.\r\n            <\/p>\r\n\r\n            <h3>3. Dostupnost sistema<\/h3>\r\n            <p>\r\n                Iako te\u017eimo da platforma bude dostupna 24\/7, ne garantujemo neprekidno funkcionisanje bez gre\u0161aka. Ne snosimo odgovornost za gubitak dobiti ili bilo kakvu \u0161tetu nastalu usljed privremene nedostupnosti sistema uzrokovane tehni\u010dkim kvarovima ili vi\u0161om silom.\r\n            <\/p>\r\n\r\n            <h3>4. Gubitak podataka<\/h3>\r\n            <p>\r\n                Iako vr\u0161imo redovne sigurnosne kopije (backup), OM Media se ne mo\u017ee smatrati odgovornom za slu\u010dajeve nepredvi\u0111enog gubitka podataka koji su izvan na\u0161e kontrole (npr. hakerski napadi \u0161irokih razmjera ili kvarovi na globalnoj cloud infrastrukturi).\r\n            <\/p>\r\n        <\/div>\r\n\r\n        <div class=\"footer-note\">\r\n            <p>Ovaj dokument slu\u017ei da jasno defini\u0161e granice izme\u0111u tehni\u010dke podr\u0161ke i medicinske prakse.<\/p>\r\n            <p style=\"margin-top: 10px; font-weight: bold; color: #ea1c82;\">OM Media & Webthly<\/p>\r\n        <\/div>\r\n    <\/div>\r\n<\/div>\t\t\t\t<\/div>\n\t\t\t\t\t<\/div>\n\t\t\t\t<\/div>\n\t\t\t\t<\/div>\n\t\t","protected":false},"excerpt":{"rendered":"<p>Odricanje od Odgovornosti Pravna ograni\u010denja i definicija odgovornosti kori\u0161\u0107enja sistema. \u26a0\ufe0f Kori\u0161\u0107enjem ove platforme potvr\u0111ujete da razumijete tehni\u010dku prirodu usluge i prihvatate dole navedena ograni\u010denja. [&hellip;]<\/p>\n","protected":false},"author":1,"featured_media":0,"parent":0,"menu_order":0,"comment_status":"closed","ping_status":"closed","template":"elementor_header_footer","meta":{"footnotes":""},"class_list":["post-408","page","type-page","status-publish","hentry"],"yoast_head":"<!-- This site is optimized with the Yoast SEO plugin v27.5 - https:\/\/yoast.com\/product\/yoast-seo-wordpress\/ -->\n<title>Odricanje od Odgovornosti -<\/title>\n<meta name=\"robots\" content=\"index, follow, max-snippet:-1, max-image-preview:large, max-video-preview:-1\" \/>\n<link rel=\"canonical\" href=\"https:\/\/webthly.com\/mr-klinika\/odricanje-od-odgovornosti\/\" \/>\n<meta property=\"og:locale\" content=\"bs_BA\" \/>\n<meta property=\"og:type\" content=\"article\" \/>\n<meta property=\"og:title\" content=\"Odricanje od Odgovornosti -\" \/>\n<meta property=\"og:description\" content=\"Odricanje od Odgovornosti Pravna ograni\u010denja i definicija odgovornosti kori\u0161\u0107enja sistema. \u26a0\ufe0f Kori\u0161\u0107enjem ove platforme potvr\u0111ujete da razumijete tehni\u010dku prirodu usluge i prihvatate dole navedena ograni\u010denja. [&hellip;]\" \/>\n<meta property=\"og:url\" content=\"https:\/\/webthly.com\/mr-klinika\/odricanje-od-odgovornosti\/\" \/>\n<meta property=\"article:modified_time\" content=\"2026-05-11T21:34:12+00:00\" \/>\n<meta name=\"twitter:card\" content=\"summary_large_image\" \/>\n<meta name=\"twitter:label1\" content=\"Est. reading time\" \/>\n\t<meta name=\"twitter:data1\" content=\"2 minute\" \/>\n<script type=\"application\/ld+json\" class=\"yoast-schema-graph\">{\"@context\":\"https:\\\/\\\/schema.org\",\"@graph\":[{\"@type\":\"WebPage\",\"@id\":\"https:\\\/\\\/webthly.com\\\/mr-klinika\\\/odricanje-od-odgovornosti\\\/\",\"url\":\"https:\\\/\\\/webthly.com\\\/mr-klinika\\\/odricanje-od-odgovornosti\\\/\",\"name\":\"Odricanje od Odgovornosti -\",\"isPartOf\":{\"@id\":\"https:\\\/\\\/webthly.com\\\/mr-klinika\\\/#website\"},\"datePublished\":\"2026-03-20T15:05:47+00:00\",\"dateModified\":\"2026-05-11T21:34:12+00:00\",\"breadcrumb\":{\"@id\":\"https:\\\/\\\/webthly.com\\\/mr-klinika\\\/odricanje-od-odgovornosti\\\/#breadcrumb\"},\"inLanguage\":\"bs-BA\",\"potentialAction\":[{\"@type\":\"ReadAction\",\"target\":[\"https:\\\/\\\/webthly.com\\\/mr-klinika\\\/odricanje-od-odgovornosti\\\/\"]}]},{\"@type\":\"BreadcrumbList\",\"@id\":\"https:\\\/\\\/webthly.com\\\/mr-klinika\\\/odricanje-od-odgovornosti\\\/#breadcrumb\",\"itemListElement\":[{\"@type\":\"ListItem\",\"position\":1,\"name\":\"Home\",\"item\":\"https:\\\/\\\/webthly.com\\\/mr-klinika\\\/\"},{\"@type\":\"ListItem\",\"position\":2,\"name\":\"Odricanje od Odgovornosti\"}]},{\"@type\":\"WebSite\",\"@id\":\"https:\\\/\\\/webthly.com\\\/mr-klinika\\\/#website\",\"url\":\"https:\\\/\\\/webthly.com\\\/mr-klinika\\\/\",\"name\":\"\",\"description\":\"\",\"potentialAction\":[{\"@type\":\"SearchAction\",\"target\":{\"@type\":\"EntryPoint\",\"urlTemplate\":\"https:\\\/\\\/webthly.com\\\/mr-klinika\\\/?s={search_term_string}\"},\"query-input\":{\"@type\":\"PropertyValueSpecification\",\"valueRequired\":true,\"valueName\":\"search_term_string\"}}],\"inLanguage\":\"bs-BA\"}]}<\/script>\n<!-- \/ Yoast SEO plugin. -->","yoast_head_json":{"title":"Odricanje od Odgovornosti -","robots":{"index":"index","follow":"follow","max-snippet":"max-snippet:-1","max-image-preview":"max-image-preview:large","max-video-preview":"max-video-preview:-1"},"canonical":"https:\/\/webthly.com\/mr-klinika\/odricanje-od-odgovornosti\/","og_locale":"bs_BA","og_type":"article","og_title":"Odricanje od Odgovornosti -","og_description":"Odricanje od Odgovornosti Pravna ograni\u010denja i definicija odgovornosti kori\u0161\u0107enja sistema. \u26a0\ufe0f Kori\u0161\u0107enjem ove platforme potvr\u0111ujete da razumijete tehni\u010dku prirodu usluge i prihvatate dole navedena ograni\u010denja. [&hellip;]","og_url":"https:\/\/webthly.com\/mr-klinika\/odricanje-od-odgovornosti\/","article_modified_time":"2026-05-11T21:34:12+00:00","twitter_card":"summary_large_image","twitter_misc":{"Est. reading time":"2 minute"},"schema":{"@context":"https:\/\/schema.org","@graph":[{"@type":"WebPage","@id":"https:\/\/webthly.com\/mr-klinika\/odricanje-od-odgovornosti\/","url":"https:\/\/webthly.com\/mr-klinika\/odricanje-od-odgovornosti\/","name":"Odricanje od Odgovornosti -","isPartOf":{"@id":"https:\/\/webthly.com\/mr-klinika\/#website"},"datePublished":"2026-03-20T15:05:47+00:00","dateModified":"2026-05-11T21:34:12+00:00","breadcrumb":{"@id":"https:\/\/webthly.com\/mr-klinika\/odricanje-od-odgovornosti\/#breadcrumb"},"inLanguage":"bs-BA","potentialAction":[{"@type":"ReadAction","target":["https:\/\/webthly.com\/mr-klinika\/odricanje-od-odgovornosti\/"]}]},{"@type":"BreadcrumbList","@id":"https:\/\/webthly.com\/mr-klinika\/odricanje-od-odgovornosti\/#breadcrumb","itemListElement":[{"@type":"ListItem","position":1,"name":"Home","item":"https:\/\/webthly.com\/mr-klinika\/"},{"@type":"ListItem","position":2,"name":"Odricanje od Odgovornosti"}]},{"@type":"WebSite","@id":"https:\/\/webthly.com\/mr-klinika\/#website","url":"https:\/\/webthly.com\/mr-klinika\/","name":"","description":"","potentialAction":[{"@type":"SearchAction","target":{"@type":"EntryPoint","urlTemplate":"https:\/\/webthly.com\/mr-klinika\/?s={search_term_string}"},"query-input":{"@type":"PropertyValueSpecification","valueRequired":true,"valueName":"search_term_string"}}],"inLanguage":"bs-BA"}]}},"_links":{"self":[{"href":"https:\/\/webthly.com\/mr-klinika\/wp-json\/wp\/v2\/pages\/408","targetHints":{"allow":["GET"]}}],"collection":[{"href":"https:\/\/webthly.com\/mr-klinika\/wp-json\/wp\/v2\/pages"}],"about":[{"href":"https:\/\/webthly.com\/mr-klinika\/wp-json\/wp\/v2\/types\/page"}],"author":[{"embeddable":true,"href":"https:\/\/webthly.com\/mr-klinika\/wp-json\/wp\/v2\/users\/1"}],"replies":[{"embeddable":true,"href":"https:\/\/webthly.com\/mr-klinika\/wp-json\/wp\/v2\/comments?post=408"}],"version-history":[{"count":17,"href":"https:\/\/webthly.com\/mr-klinika\/wp-json\/wp\/v2\/pages\/408\/revisions"}],"predecessor-version":[{"id":1724,"href":"https:\/\/webthly.com\/mr-klinika\/wp-json\/wp\/v2\/pages\/408\/revisions\/1724"}],"wp:attachment":[{"href":"https:\/\/webthly.com\/mr-klinika\/wp-json\/wp\/v2\/media?parent=408"}],"curies":[{"name":"wp","href":"https:\/\/api.w.org\/{rel}","templated":true}]}}