{"id":1391,"date":"2026-05-06T09:29:30","date_gmt":"2026-05-06T09:29:30","guid":{"rendered":"https:\/\/webthly.com\/mr-klinika\/?page_id=1391"},"modified":"2026-05-06T09:43:14","modified_gmt":"2026-05-06T09:43:14","slug":"utisak-mr-klinika","status":"publish","type":"page","link":"https:\/\/webthly.com\/mr-klinika\/utisak-mr-klinika\/","title":{"rendered":"Utisak MR klinika"},"content":{"rendered":"\t\t<div data-elementor-type=\"wp-page\" data-elementor-id=\"1391\" class=\"elementor elementor-1391\">\n\t\t\t\t<div class=\"elementor-element elementor-element-eb28133 e-con-full e-flex e-con e-parent\" data-id=\"eb28133\" data-element_type=\"container\" data-e-type=\"container\">\n\t\t\t\t<div class=\"elementor-element elementor-element-57ca181 elementor-hidden-desktop elementor-widget elementor-widget-html\" data-id=\"57ca181\" data-element_type=\"widget\" data-e-type=\"widget\" data-widget_type=\"html.default\">\n\t\t\t\t\t<!DOCTYPE html>\r\n<html lang=\"bs\">\r\n<head>\r\n    <meta charset=\"UTF-8\">\r\n    <meta name=\"viewport\" content=\"width=device-width, initial-scale=1.0\">\r\n    <title>Va\u0161e mi\u0161ljenje nam je va\u017eno<\/title>\r\n    <style>\r\n        body {\r\n            margin: 0;\r\n            padding: 0;\r\n            font-family: -apple-system, BlinkMacSystemFont, \"Segoe UI\", Roboto, Helvetica, Arial, sans-serif;\r\n            background-color: #f9fafb;\r\n            display: flex;\r\n            justify-content: center;\r\n            align-items: center;\r\n            min-height: 100vh;\r\n        }\r\n\r\n        .feedback-container {\r\n            background-color: #ffffff;\r\n            width: 100%;\r\n            max-width: 400px;\r\n            padding: 40px 25px;\r\n            border-radius: 20px;\r\n            box-shadow: 0 15px 35px rgba(0, 0, 0, 0.07);\r\n            text-align: center;\r\n            margin: 20px;\r\n        }\r\n\r\n        .logo {\r\n            height: 60px;\r\n            width: auto;\r\n            margin-bottom: 20px;\r\n        }\r\n\r\n        h1 {\r\n            font-size: 22px;\r\n            color: #111827;\r\n            margin-bottom: 10px;\r\n        }\r\n\r\n        p {\r\n            font-size: 15px;\r\n            color: #6b7280;\r\n            line-height: 1.5;\r\n            margin-bottom: 30px;\r\n        }\r\n\r\n        \/* Zvjezdice *\/\r\n        .stars-container {\r\n            display: flex;\r\n            justify-content: center;\r\n            gap: 10px;\r\n            margin-bottom: 30px;\r\n        }\r\n\r\n        .star {\r\n            font-size: 40px;\r\n            cursor: pointer;\r\n            color: #d1d5db; \/* Siva boja za prazne *\/\r\n            transition: transform 0.2s ease, color 0.2s ease;\r\n        }\r\n\r\n        .star:hover, .star.active {\r\n            color: #fbbf24; \/* Zlatna boja *\/\r\n            transform: scale(1.2);\r\n        }\r\n\r\n        \/* Sekcija za primedbu (skrivena po defaultu) *\/\r\n        #complaint-section {\r\n            display: none;\r\n            text-align: left;\r\n            margin-top: 20px;\r\n            border-top: 1px solid #e5e7eb;\r\n            padding-top: 20px;\r\n        }\r\n\r\n        textarea {\r\n            width: 100%;\r\n            padding: 12px;\r\n            border-radius: 10px;\r\n            border: 1px solid #d1d5db;\r\n            font-size: 14px;\r\n            margin-top: 10px;\r\n            box-sizing: border-box;\r\n            resize: vertical;\r\n        }\r\n\r\n        .submit-complaint {\r\n            width: 100%;\r\n            padding: 14px;\r\n            background-color: #ef4444; \/* Crvena za primedbu *\/\r\n            color: white;\r\n            border: none;\r\n            border-radius: 10px;\r\n            font-weight: 600;\r\n            margin-top: 15px;\r\n            cursor: pointer;\r\n        }\r\n\r\n        .footer-text {\r\n            font-size: 11px;\r\n            color: #9ca3af;\r\n            margin-top: 30px;\r\n        }\r\n    <\/style>\r\n<\/head>\r\n<body>\r\n\r\n<div class=\"feedback-container\">\r\n    <img decoding=\"async\" src=\"https:\/\/webthly.com\/mr-klinika\/wp-content\/uploads\/2026\/05\/w.png\" class=\"logo\">\r\n    <br>\r\n    \r\n    <div id=\"main-content\">\r\n        <h1>Kako ste zadovoljni uslugom?<\/h1>\r\n        <p>Va\u0161a povratna informacija nam poma\u017ee da budemo jo\u0161 bolji. Molimo Vas, ocijenite Va\u0161e iskustvo:<\/p>\r\n\r\n        <div class=\"stars-container\">\r\n            <span class=\"star\" onclick=\"handleStarClick(1)\">\u2605<\/span>\r\n            <span class=\"star\" onclick=\"handleStarClick(2)\">\u2605<\/span>\r\n            <span class=\"star\" onclick=\"handleStarClick(3)\">\u2605<\/span>\r\n            <span class=\"star\" onclick=\"handleStarClick(4)\">\u2605<\/span>\r\n            <span class=\"star\" onclick=\"handleStarClick(5)\">\u2605<\/span>\r\n        <\/div>\r\n    <\/div>\r\n\r\n    <div id=\"complaint-section\">\r\n        <h2 style=\"font-size: 18px; color: #111827;\">\u017dao nam je \u0161to niste zadovoljni<\/h2>\r\n        <p>Molimo Vas, napi\u0161ite nam \u0161ta mo\u017eemo popraviti. Va\u0161a poruka ide direktno rukovodstvu klinike.<\/p>\r\n        <textarea id=\"complaint-text\" rows=\"4\" placeholder=\"Va\u0161a primedba...\"><\/textarea>\r\n        <button class=\"submit-complaint\" onclick=\"sendComplaint()\">PO\u0160ALJI PRIMEDBU<\/button>\r\n    <\/div>\r\n\r\n    <div class=\"footer-text\">\r\n        Powered by OM Media &copy; 2026\r\n    <\/div>\r\n<\/div>\r\n\r\n<script>\r\n    function handleStarClick(rating) {\r\n        \/\/ Ozna\u010davanje zvjezdica vizuelno\r\n        const stars = document.querySelectorAll('.star');\r\n        stars.forEach((star, index) => {\r\n            star.style.color = index < rating ? '#fbbf24' : '#d1d5db';\r\n        });\r\n\r\n        if (rating >= 4) {\r\n            \/\/ ODLI\u010cNA OCJENA: \u0160aljemo na Google Maps\r\n            alert(\"Hvala Vam na divnoj ocjeni! Bi\u0107ete preusmjereni na Google kako biste podijelili svoje iskustvo.\");\r\n            window.location.href = \"https:\/\/maps.app.goo.gl\/aDZosCfRVZfnN4CJ7\";\r\n        } else {\r\n            \/\/ LO\u0160A OCJENA: Otvaramo internu formu\r\n            document.getElementById('main-content').style.display = 'none';\r\n            document.getElementById('complaint-section').style.display = 'block';\r\n        }\r\n    }\r\n\r\n    function sendComplaint() {\r\n        const text = document.getElementById('complaint-text').value;\r\n        if(text.length < 5) {\r\n            alert(\"Molimo Vas napi\u0161ite bar kratak komentar.\");\r\n            return;\r\n        }\r\n        \r\n        \/\/ Ovdje kasnije povezujemo Make.com webhook da ti stigne email\r\n        alert(\"Hvala Vam na iskrenosti. Va\u0161a primedba je proslije\u0111ena menad\u017ementu.\");\r\n        window.location.href = \"https:\/\/ommedia.link\"; \r\n    }\r\n<\/script>\r\n\r\n<\/body>\r\n<\/html>\t\t\t\t<\/div>\n\t\t\t\t<div class=\"elementor-element elementor-element-19dc39a elementor-hidden-tablet elementor-hidden-mobile elementor-widget elementor-widget-html\" data-id=\"19dc39a\" data-element_type=\"widget\" data-e-type=\"widget\" data-widget_type=\"html.default\">\n\t\t\t\t\t<!DOCTYPE html>\r\n<html lang=\"bs\">\r\n<head>\r\n    <meta charset=\"UTF-8\">\r\n    <meta name=\"viewport\" content=\"width=device-width, initial-scale=1.0\">\r\n    <title>Va\u0161e mi\u0161ljenje nam je va\u017eno<\/title>\r\n    <style>\r\n        body {\r\n            margin: 0;\r\n            padding: 0;\r\n            font-family: -apple-system, BlinkMacSystemFont, \"Segoe UI\", Roboto, Helvetica, Arial, sans-serif;\r\n            background-color: #f9fafb;\r\n            display: flex;\r\n            justify-content: center;\r\n            align-items: center;\r\n            min-height: 100vh;\r\n        }\r\n\r\n        .feedback-container {\r\n            background-color: #ffffff;\r\n            width: 100%;\r\n            max-width: 400px;\r\n            padding: 40px 25px;\r\n            border-radius: 20px;\r\n            box-shadow: 0 15px 35px rgba(0, 0, 0, 0.07);\r\n            text-align: center;\r\n            margin: 20px;\r\n        }\r\n\r\n        .logo {\r\n            height: 60px;\r\n            width: auto;\r\n            margin-bottom: 20px;\r\n        }\r\n\r\n        h1 {\r\n            font-size: 22px;\r\n            color: #111827;\r\n            margin-bottom: 10px;\r\n        }\r\n\r\n        p {\r\n            font-size: 15px;\r\n            color: #6b7280;\r\n            line-height: 1.5;\r\n            margin-bottom: 30px;\r\n        }\r\n\r\n        \/* Zvjezdice *\/\r\n        .stars-container {\r\n            display: flex;\r\n            justify-content: center;\r\n            gap: 10px;\r\n            margin-bottom: 30px;\r\n        }\r\n\r\n        .star {\r\n            font-size: 40px;\r\n            cursor: pointer;\r\n            color: #d1d5db; \/* Siva boja za prazne *\/\r\n            transition: transform 0.2s ease, color 0.2s ease;\r\n        }\r\n\r\n        .star:hover, .star.active {\r\n            color: #fbbf24; \/* Zlatna boja *\/\r\n            transform: scale(1.2);\r\n        }\r\n\r\n        \/* Sekcija za primedbu (skrivena po defaultu) *\/\r\n        #complaint-section {\r\n            display: none;\r\n            text-align: left;\r\n            margin-top: 20px;\r\n            border-top: 1px solid #e5e7eb;\r\n            padding-top: 20px;\r\n        }\r\n\r\n        textarea {\r\n            width: 100%;\r\n            padding: 12px;\r\n            border-radius: 10px;\r\n            border: 1px solid #d1d5db;\r\n            font-size: 14px;\r\n            margin-top: 10px;\r\n            box-sizing: border-box;\r\n            resize: vertical;\r\n        }\r\n\r\n        .submit-complaint {\r\n            width: 100%;\r\n            padding: 14px;\r\n            background-color: #ef4444; \/* Crvena za primedbu *\/\r\n            color: white;\r\n            border: none;\r\n            border-radius: 10px;\r\n            font-weight: 600;\r\n            margin-top: 15px;\r\n            cursor: pointer;\r\n        }\r\n\r\n        .footer-text {\r\n            font-size: 11px;\r\n            color: #9ca3af;\r\n            margin-top: 30px;\r\n        }\r\n    <\/style>\r\n<\/head>\r\n<body>\r\n\r\n<div class=\"feedback-container\">\r\n    <img decoding=\"async\" src=\"https:\/\/webthly.com\/mr-klinika\/wp-content\/uploads\/2026\/05\/w.png\">\r\n    <br>\r\n     <br>\r\n      <br>\r\n       <br>\r\n        <br>\r\n         <br>\r\n    <div id=\"main-content\">\r\n        <h1>Kako ste zadovoljni uslugom?<\/h1>\r\n        <p>Va\u0161a povratna informacija nam poma\u017ee da budemo jo\u0161 bolji. Molimo Vas, ocijenite Va\u0161e iskustvo:<\/p>\r\n\r\n        <div class=\"stars-container\">\r\n            <span class=\"star\" onclick=\"handleStarClick(1)\">\u2605<\/span>\r\n            <span class=\"star\" onclick=\"handleStarClick(2)\">\u2605<\/span>\r\n            <span class=\"star\" onclick=\"handleStarClick(3)\">\u2605<\/span>\r\n            <span class=\"star\" onclick=\"handleStarClick(4)\">\u2605<\/span>\r\n            <span class=\"star\" onclick=\"handleStarClick(5)\">\u2605<\/span>\r\n        <\/div>\r\n    <\/div>\r\n\r\n    <div id=\"complaint-section\">\r\n        <h2 style=\"font-size: 18px; color: #111827;\">\u017dao nam je \u0161to niste zadovoljni<\/h2>\r\n        <p>Molimo Vas, napi\u0161ite nam \u0161ta mo\u017eemo popraviti. Va\u0161a poruka ide direktno rukovodstvu klinike.<\/p>\r\n        <textarea id=\"complaint-text\" rows=\"4\" placeholder=\"Va\u0161a primedba...\"><\/textarea>\r\n        <button class=\"submit-complaint\" onclick=\"sendComplaint()\">PO\u0160ALJI PRIMEDBU<\/button>\r\n    <\/div>\r\n\r\n    <div class=\"footer-text\">\r\n        Powered by OM Media &copy; 2026\r\n    <\/div>\r\n<\/div>\r\n\r\n<script>\r\n    function handleStarClick(rating) {\r\n        \/\/ Ozna\u010davanje zvjezdica vizuelno\r\n        const stars = document.querySelectorAll('.star');\r\n        stars.forEach((star, index) => {\r\n            star.style.color = index < rating ? '#fbbf24' : '#d1d5db';\r\n        });\r\n\r\n        if (rating >= 4) {\r\n            \/\/ ODLI\u010cNA OCJENA: \u0160aljemo na Google Maps\r\n            alert(\"Hvala Vam na divnoj ocjeni! Bi\u0107ete preusmjereni na Google kako biste podijelili svoje iskustvo.\");\r\n            window.location.href = \"https:\/\/share.google\/GVYb1rwb9Aj7meddc\";\r\n        } else {\r\n            \/\/ LO\u0160A OCJENA: Otvaramo internu formu\r\n            document.getElementById('main-content').style.display = 'none';\r\n            document.getElementById('complaint-section').style.display = 'block';\r\n        }\r\n    }\r\n\r\n    function sendComplaint() {\r\n        const text = document.getElementById('complaint-text').value;\r\n        if(text.length < 5) {\r\n            alert(\"Molimo Vas napi\u0161ite bar kratak komentar.\");\r\n            return;\r\n        }\r\n        \r\n        \/\/ Ovdje kasnije povezujemo Make.com webhook da ti stigne email\r\n        alert(\"Hvala Vam na iskrenosti. Va\u0161a primedba je proslije\u0111ena menad\u017ementu.\");\r\n        window.location.href = \"https:\/\/ommedia.link\"; \r\n    }\r\n<\/script>\r\n\r\n<\/body>\r\n<\/html>\t\t\t\t<\/div>\n\t\t\t\t<\/div>\n\t\t\t\t<\/div>\n\t\t","protected":false},"excerpt":{"rendered":"<p>Va\u0161e mi\u0161ljenje nam je va\u017eno Kako ste zadovoljni uslugom? Va\u0161a povratna informacija nam poma\u017ee da budemo jo\u0161 bolji. Molimo Vas, ocijenite Va\u0161e iskustvo: \u2605 \u2605 [&hellip;]<\/p>\n","protected":false},"author":1,"featured_media":0,"parent":0,"menu_order":0,"comment_status":"closed","ping_status":"closed","template":"elementor_canvas","meta":{"footnotes":""},"class_list":["post-1391","page","type-page","status-publish","hentry"],"yoast_head":"<!-- This site is optimized with the Yoast SEO plugin v27.5 - https:\/\/yoast.com\/product\/yoast-seo-wordpress\/ -->\n<title>Utisak MR klinika -<\/title>\n<meta name=\"robots\" content=\"index, follow, max-snippet:-1, max-image-preview:large, max-video-preview:-1\" \/>\n<link rel=\"canonical\" href=\"https:\/\/webthly.com\/mr-klinika\/utisak-mr-klinika\/\" \/>\n<meta property=\"og:locale\" content=\"bs_BA\" \/>\n<meta property=\"og:type\" content=\"article\" \/>\n<meta property=\"og:title\" content=\"Va\u0161e mi\u0161ljenje nam je va\u017eno | MR Klinika\" \/>\n<meta property=\"og:description\" content=\"Molimo Vas, odvojite 10 sekundi da ocijenite Va\u0161u dana\u0161nju posjetu. Va\u0161a podr\u0161ka nam mnogo zna\u010di.\" \/>\n<meta property=\"og:url\" content=\"https:\/\/webthly.com\/mr-klinika\/utisak-mr-klinika\/\" \/>\n<meta property=\"article:modified_time\" content=\"2026-05-06T09:43:14+00:00\" \/>\n<meta property=\"og:image\" content=\"https:\/\/webthly.com\/mr-klinika\/wp-content\/uploads\/2026\/05\/EEE.webp\" \/>\n\t<meta property=\"og:image:width\" content=\"1200\" \/>\n\t<meta property=\"og:image:height\" content=\"630\" \/>\n\t<meta property=\"og:image:type\" content=\"image\/webp\" \/>\n<meta name=\"twitter:card\" content=\"summary_large_image\" \/>\n<meta name=\"twitter:label1\" content=\"Est. reading time\" \/>\n\t<meta name=\"twitter:data1\" content=\"1 minuta\" \/>\n<script type=\"application\/ld+json\" class=\"yoast-schema-graph\">{\"@context\":\"https:\\\/\\\/schema.org\",\"@graph\":[{\"@type\":\"WebPage\",\"@id\":\"https:\\\/\\\/webthly.com\\\/mr-klinika\\\/utisak-mr-klinika\\\/\",\"url\":\"https:\\\/\\\/webthly.com\\\/mr-klinika\\\/utisak-mr-klinika\\\/\",\"name\":\"Utisak MR klinika -\",\"isPartOf\":{\"@id\":\"https:\\\/\\\/webthly.com\\\/mr-klinika\\\/#website\"},\"primaryImageOfPage\":{\"@id\":\"https:\\\/\\\/webthly.com\\\/mr-klinika\\\/utisak-mr-klinika\\\/#primaryimage\"},\"image\":{\"@id\":\"https:\\\/\\\/webthly.com\\\/mr-klinika\\\/utisak-mr-klinika\\\/#primaryimage\"},\"thumbnailUrl\":\"https:\\\/\\\/webthly.com\\\/mr-klinika\\\/wp-content\\\/uploads\\\/sites\\\/3\\\/2026\\\/05\\\/w.png\",\"datePublished\":\"2026-05-06T09:29:30+00:00\",\"dateModified\":\"2026-05-06T09:43:14+00:00\",\"breadcrumb\":{\"@id\":\"https:\\\/\\\/webthly.com\\\/mr-klinika\\\/utisak-mr-klinika\\\/#breadcrumb\"},\"inLanguage\":\"bs-BA\",\"potentialAction\":[{\"@type\":\"ReadAction\",\"target\":[\"https:\\\/\\\/webthly.com\\\/mr-klinika\\\/utisak-mr-klinika\\\/\"]}]},{\"@type\":\"ImageObject\",\"inLanguage\":\"bs-BA\",\"@id\":\"https:\\\/\\\/webthly.com\\\/mr-klinika\\\/utisak-mr-klinika\\\/#primaryimage\",\"url\":\"https:\\\/\\\/webthly.com\\\/mr-klinika\\\/wp-content\\\/uploads\\\/sites\\\/3\\\/2026\\\/05\\\/w.png\",\"contentUrl\":\"https:\\\/\\\/webthly.com\\\/mr-klinika\\\/wp-content\\\/uploads\\\/sites\\\/3\\\/2026\\\/05\\\/w.png\",\"width\":974,\"height\":200},{\"@type\":\"BreadcrumbList\",\"@id\":\"https:\\\/\\\/webthly.com\\\/mr-klinika\\\/utisak-mr-klinika\\\/#breadcrumb\",\"itemListElement\":[{\"@type\":\"ListItem\",\"position\":1,\"name\":\"Home\",\"item\":\"https:\\\/\\\/webthly.com\\\/mr-klinika\\\/\"},{\"@type\":\"ListItem\",\"position\":2,\"name\":\"Utisak MR klinika\"}]},{\"@type\":\"WebSite\",\"@id\":\"https:\\\/\\\/webthly.com\\\/mr-klinika\\\/#website\",\"url\":\"https:\\\/\\\/webthly.com\\\/mr-klinika\\\/\",\"name\":\"\",\"description\":\"\",\"potentialAction\":[{\"@type\":\"SearchAction\",\"target\":{\"@type\":\"EntryPoint\",\"urlTemplate\":\"https:\\\/\\\/webthly.com\\\/mr-klinika\\\/?s={search_term_string}\"},\"query-input\":{\"@type\":\"PropertyValueSpecification\",\"valueRequired\":true,\"valueName\":\"search_term_string\"}}],\"inLanguage\":\"bs-BA\"}]}<\/script>\n<!-- \/ Yoast SEO plugin. -->","yoast_head_json":{"title":"Utisak MR klinika -","robots":{"index":"index","follow":"follow","max-snippet":"max-snippet:-1","max-image-preview":"max-image-preview:large","max-video-preview":"max-video-preview:-1"},"canonical":"https:\/\/webthly.com\/mr-klinika\/utisak-mr-klinika\/","og_locale":"bs_BA","og_type":"article","og_title":"Va\u0161e mi\u0161ljenje nam je va\u017eno | MR Klinika","og_description":"Molimo Vas, odvojite 10 sekundi da ocijenite Va\u0161u dana\u0161nju posjetu. Va\u0161a podr\u0161ka nam mnogo zna\u010di.","og_url":"https:\/\/webthly.com\/mr-klinika\/utisak-mr-klinika\/","article_modified_time":"2026-05-06T09:43:14+00:00","og_image":[{"width":1200,"height":630,"url":"https:\/\/webthly.com\/mr-klinika\/wp-content\/uploads\/2026\/05\/EEE.webp","type":"image\/webp"}],"twitter_card":"summary_large_image","twitter_misc":{"Est. reading time":"1 minuta"},"schema":{"@context":"https:\/\/schema.org","@graph":[{"@type":"WebPage","@id":"https:\/\/webthly.com\/mr-klinika\/utisak-mr-klinika\/","url":"https:\/\/webthly.com\/mr-klinika\/utisak-mr-klinika\/","name":"Utisak MR klinika -","isPartOf":{"@id":"https:\/\/webthly.com\/mr-klinika\/#website"},"primaryImageOfPage":{"@id":"https:\/\/webthly.com\/mr-klinika\/utisak-mr-klinika\/#primaryimage"},"image":{"@id":"https:\/\/webthly.com\/mr-klinika\/utisak-mr-klinika\/#primaryimage"},"thumbnailUrl":"https:\/\/webthly.com\/mr-klinika\/wp-content\/uploads\/sites\/3\/2026\/05\/w.png","datePublished":"2026-05-06T09:29:30+00:00","dateModified":"2026-05-06T09:43:14+00:00","breadcrumb":{"@id":"https:\/\/webthly.com\/mr-klinika\/utisak-mr-klinika\/#breadcrumb"},"inLanguage":"bs-BA","potentialAction":[{"@type":"ReadAction","target":["https:\/\/webthly.com\/mr-klinika\/utisak-mr-klinika\/"]}]},{"@type":"ImageObject","inLanguage":"bs-BA","@id":"https:\/\/webthly.com\/mr-klinika\/utisak-mr-klinika\/#primaryimage","url":"https:\/\/webthly.com\/mr-klinika\/wp-content\/uploads\/sites\/3\/2026\/05\/w.png","contentUrl":"https:\/\/webthly.com\/mr-klinika\/wp-content\/uploads\/sites\/3\/2026\/05\/w.png","width":974,"height":200},{"@type":"BreadcrumbList","@id":"https:\/\/webthly.com\/mr-klinika\/utisak-mr-klinika\/#breadcrumb","itemListElement":[{"@type":"ListItem","position":1,"name":"Home","item":"https:\/\/webthly.com\/mr-klinika\/"},{"@type":"ListItem","position":2,"name":"Utisak MR klinika"}]},{"@type":"WebSite","@id":"https:\/\/webthly.com\/mr-klinika\/#website","url":"https:\/\/webthly.com\/mr-klinika\/","name":"","description":"","potentialAction":[{"@type":"SearchAction","target":{"@type":"EntryPoint","urlTemplate":"https:\/\/webthly.com\/mr-klinika\/?s={search_term_string}"},"query-input":{"@type":"PropertyValueSpecification","valueRequired":true,"valueName":"search_term_string"}}],"inLanguage":"bs-BA"}]}},"_links":{"self":[{"href":"https:\/\/webthly.com\/mr-klinika\/wp-json\/wp\/v2\/pages\/1391","targetHints":{"allow":["GET"]}}],"collection":[{"href":"https:\/\/webthly.com\/mr-klinika\/wp-json\/wp\/v2\/pages"}],"about":[{"href":"https:\/\/webthly.com\/mr-klinika\/wp-json\/wp\/v2\/types\/page"}],"author":[{"embeddable":true,"href":"https:\/\/webthly.com\/mr-klinika\/wp-json\/wp\/v2\/users\/1"}],"replies":[{"embeddable":true,"href":"https:\/\/webthly.com\/mr-klinika\/wp-json\/wp\/v2\/comments?post=1391"}],"version-history":[{"count":7,"href":"https:\/\/webthly.com\/mr-klinika\/wp-json\/wp\/v2\/pages\/1391\/revisions"}],"predecessor-version":[{"id":1400,"href":"https:\/\/webthly.com\/mr-klinika\/wp-json\/wp\/v2\/pages\/1391\/revisions\/1400"}],"wp:attachment":[{"href":"https:\/\/webthly.com\/mr-klinika\/wp-json\/wp\/v2\/media?parent=1391"}],"curies":[{"name":"wp","href":"https:\/\/api.w.org\/{rel}","templated":true}]}}